{"id":862,"date":"2022-02-07T11:24:35","date_gmt":"2022-02-07T10:24:35","guid":{"rendered":"https:\/\/antoniopapini.it\/area-reservada\/"},"modified":"2022-12-02T18:12:35","modified_gmt":"2022-12-02T17:12:35","slug":"area-reservada","status":"publish","type":"page","link":"https:\/\/antoniopapini.it\/es\/area-reservada\/","title":{"rendered":"\u00c1rea Reservada"},"content":{"rendered":"\t\t<div data-elementor-type=\"wp-page\" data-elementor-id=\"862\" class=\"elementor elementor-862 elementor-170\">\n\t\t\t\t\t\t\t\t\t<section class=\"elementor-section elementor-top-section elementor-element elementor-element-f69f25a elementor-section-height-min-height elementor-section-boxed elementor-section-height-default elementor-section-items-middle\" data-id=\"f69f25a\" data-element_type=\"section\" data-settings=\"{&quot;background_background&quot;:&quot;classic&quot;}\">\n\t\t\t\t\t\t<div class=\"elementor-container elementor-column-gap-no\">\n\t\t\t\t\t<div class=\"elementor-column elementor-col-100 elementor-top-column elementor-element elementor-element-ffe51f6\" data-id=\"ffe51f6\" data-element_type=\"column\">\n\t\t\t<div class=\"elementor-widget-wrap\">\n\t\t\t\t\t\t\t\t\t<\/div>\n\t\t<\/div>\n\t\t\t\t\t\t\t<\/div>\n\t\t<\/section>\n\t\t\t\t<section class=\"elementor-section elementor-top-section elementor-element elementor-element-596b23d elementor-section-boxed elementor-section-height-default elementor-section-height-default\" data-id=\"596b23d\" data-element_type=\"section\">\n\t\t\t\t\t\t<div class=\"elementor-container elementor-column-gap-default\">\n\t\t\t\t\t<div class=\"elementor-column elementor-col-100 elementor-top-column elementor-element elementor-element-a552316\" data-id=\"a552316\" data-element_type=\"column\">\n\t\t\t<div class=\"elementor-widget-wrap elementor-element-populated\">\n\t\t\t\t\t\t\t\t<div class=\"elementor-element elementor-element-1d3e37c elementor-widget elementor-widget-heading\" data-id=\"1d3e37c\" data-element_type=\"widget\" data-widget_type=\"heading.default\">\n\t\t\t\t<div class=\"elementor-widget-container\">\n\t\t\t<style>\/*! elementor - v3.6.6 - 08-06-2022 *\/\n.elementor-heading-title{padding:0;margin:0;line-height:1}.elementor-widget-heading .elementor-heading-title[class*=elementor-size-]>a{color:inherit;font-size:inherit;line-height:inherit}.elementor-widget-heading .elementor-heading-title.elementor-size-small{font-size:15px}.elementor-widget-heading .elementor-heading-title.elementor-size-medium{font-size:19px}.elementor-widget-heading .elementor-heading-title.elementor-size-large{font-size:29px}.elementor-widget-heading .elementor-heading-title.elementor-size-xl{font-size:39px}.elementor-widget-heading .elementor-heading-title.elementor-size-xxl{font-size:59px}<\/style><h1 class=\"elementor-heading-title elementor-size-default\">\u00c1rea Reservada<\/h1>\t\t<\/div>\n\t\t\t\t<\/div>\n\t\t\t\t<div class=\"elementor-element elementor-element-0160e97 elementor-widget elementor-widget-text-editor\" data-id=\"0160e97\" data-element_type=\"widget\" data-widget_type=\"text-editor.default\">\n\t\t\t\t<div class=\"elementor-widget-container\">\n\t\t\t<style>\/*! elementor - v3.6.6 - 08-06-2022 *\/\n.elementor-widget-text-editor.elementor-drop-cap-view-stacked .elementor-drop-cap{background-color:#818a91;color:#fff}.elementor-widget-text-editor.elementor-drop-cap-view-framed .elementor-drop-cap{color:#818a91;border:3px solid;background-color:transparent}.elementor-widget-text-editor:not(.elementor-drop-cap-view-default) .elementor-drop-cap{margin-top:8px}.elementor-widget-text-editor:not(.elementor-drop-cap-view-default) .elementor-drop-cap-letter{width:1em;height:1em}.elementor-widget-text-editor .elementor-drop-cap{float:left;text-align:center;line-height:1;font-size:50px}.elementor-widget-text-editor .elementor-drop-cap-letter{display:inline-block}<\/style>\t\t\t\t<p>Nuestra \u00c1rea Reservada es un espacio dedicado a todos los <strong>joyeros<\/strong>que han elegido compartir con Antonio Papini Gioielli su profunda <strong>pasi\u00f3n<\/strong>por la orfebrer\u00eda. <span style=\"font-style: inherit; font-weight: inherit; color: var( --e-global-color-text ); font-family: var( --e-global-typography-text-font-family ), Sans-serif;\">El \u00c1rea Reservada garantiza la posibilidad exclusiva de <strong>descargar las listas<\/strong> de precios y as\u00ed conocer los productos <strong><strong>AntonioPapini<\/strong>y <strong>Oromalia<\/strong>, en todos sus maravillosos detalles. <strong>El acceso tambi\u00e9n ofrece la posibilidad de efectuar los pedidos directamente desde el portal.<\/strong><\/strong><\/span><\/p>\n\t\t\t\t\t\t<\/div>\n\t\t\t\t<\/div>\n\t\t\t\t<div class=\"elementor-element elementor-element-576cd46 elementor-align-center elementor-widget elementor-widget-button\" data-id=\"576cd46\" data-element_type=\"widget\" data-widget_type=\"button.default\">\n\t\t\t\t<div class=\"elementor-widget-container\">\n\t\t\t\t\t<div class=\"elementor-button-wrapper\">\n\t\t\t<a href=\"http:\/\/antoniopapini.realnet.go.it\/antoniopapini\/Index.aspx?lang=it\" class=\"elementor-button-link elementor-button elementor-size-sm\" role=\"button\">\n\t\t\t\t\t\t<span class=\"elementor-button-content-wrapper\">\n\t\t\t\t\t\t<span class=\"elementor-button-text\">ACCEDER<\/span>\n\t\t<\/span>\n\t\t\t\t\t<\/a>\n\t\t<\/div>\n\t\t\t\t<\/div>\n\t\t\t\t<\/div>\n\t\t\t\t\t<\/div>\n\t\t<\/div>\n\t\t\t\t\t\t\t<\/div>\n\t\t<\/section>\n\t\t\t\t<section class=\"elementor-section elementor-top-section elementor-element elementor-element-a31f3d2 elementor-section-full_width elementor-section-height-default elementor-section-height-default\" data-id=\"a31f3d2\" data-element_type=\"section\">\n\t\t\t\t\t\t<div class=\"elementor-container elementor-column-gap-extended\">\n\t\t\t\t\t<div class=\"elementor-column elementor-col-50 elementor-top-column elementor-element elementor-element-7843ac4\" data-id=\"7843ac4\" data-element_type=\"column\">\n\t\t\t<div class=\"elementor-widget-wrap elementor-element-populated\">\n\t\t\t\t\t\t\t\t<section class=\"elementor-section elementor-inner-section elementor-element elementor-element-e69b887 elementor-section-boxed elementor-section-height-default elementor-section-height-default\" data-id=\"e69b887\" data-element_type=\"section\" data-settings=\"{&quot;background_background&quot;:&quot;classic&quot;}\">\n\t\t\t\t\t\t<div class=\"elementor-container elementor-column-gap-no\">\n\t\t\t\t\t<div class=\"elementor-column elementor-col-33 elementor-inner-column elementor-element elementor-element-e660b2f elementor-hidden-tablet elementor-hidden-mobile\" data-id=\"e660b2f\" data-element_type=\"column\">\n\t\t\t<div class=\"elementor-widget-wrap elementor-element-populated\">\n\t\t\t\t\t\t\t\t<div class=\"elementor-element elementor-element-0a9ab21 elementor-widget elementor-widget-image\" data-id=\"0a9ab21\" data-element_type=\"widget\" data-widget_type=\"image.default\">\n\t\t\t\t<div class=\"elementor-widget-container\">\n\t\t\t<style>\/*! elementor - v3.6.6 - 08-06-2022 *\/\n.elementor-widget-image{text-align:center}.elementor-widget-image a{display:inline-block}.elementor-widget-image a img[src$=\".svg\"]{width:48px}.elementor-widget-image img{vertical-align:middle;display:inline-block}<\/style>\t\t\t\t\t\t\t\t\t\t\t\t<img decoding=\"async\" width=\"315\" height=\"1024\" src=\"https:\/\/antoniopapini.it\/wp-content\/uploads\/2022\/12\/area_riservata_zoom_sx-315x1024.jpg\" class=\"attachment-large size-large\" alt=\"\" srcset=\"https:\/\/antoniopapini.it\/wp-content\/uploads\/2022\/12\/area_riservata_zoom_sx-315x1024.jpg 315w, https:\/\/antoniopapini.it\/wp-content\/uploads\/2022\/12\/area_riservata_zoom_sx-92x300.jpg 92w, https:\/\/antoniopapini.it\/wp-content\/uploads\/2022\/12\/area_riservata_zoom_sx.jpg 461w\" sizes=\"(max-width: 315px) 100vw, 315px\" \/>\t\t\t\t\t\t\t\t\t\t\t\t\t\t\t<\/div>\n\t\t\t\t<\/div>\n\t\t\t\t\t<\/div>\n\t\t<\/div>\n\t\t\t\t<div class=\"elementor-column elementor-col-66 elementor-inner-column elementor-element elementor-element-6546571\" data-id=\"6546571\" data-element_type=\"column\" data-settings=\"{&quot;background_background&quot;:&quot;classic&quot;}\">\n\t\t\t<div class=\"elementor-widget-wrap elementor-element-populated\">\n\t\t\t\t\t\t\t\t<div class=\"elementor-element elementor-element-df6a4d6 elementor-widget elementor-widget-image\" data-id=\"df6a4d6\" data-element_type=\"widget\" data-widget_type=\"image.default\">\n\t\t\t\t<div class=\"elementor-widget-container\">\n\t\t\t\t\t\t\t\t\t\t\t\t\t\t\t<img decoding=\"async\" width=\"546\" height=\"147\" src=\"https:\/\/antoniopapini.it\/wp-content\/uploads\/2022\/01\/Antonio-Papini-Gioielli-220x59.png\" class=\"attachment-medium_large size-medium_large\" alt=\"\" srcset=\"https:\/\/antoniopapini.it\/wp-content\/uploads\/2022\/01\/Antonio-Papini-Gioielli.png 546w, https:\/\/antoniopapini.it\/wp-content\/uploads\/2022\/01\/Antonio-Papini-Gioielli-300x81.png 300w, https:\/\/antoniopapini.it\/wp-content\/uploads\/2022\/01\/Antonio-Papini-Gioielli-220x59.png 220w\" sizes=\"(max-width: 546px) 100vw, 546px\" \/>\t\t\t\t\t\t\t\t\t\t\t\t\t\t\t<\/div>\n\t\t\t\t<\/div>\n\t\t\t\t<div class=\"elementor-element elementor-element-b418a41 elementor-widget elementor-widget-image\" data-id=\"b418a41\" data-element_type=\"widget\" data-widget_type=\"image.default\">\n\t\t\t\t<div class=\"elementor-widget-container\">\n\t\t\t\t\t\t\t\t\t\t\t\t\t\t\t<img decoding=\"async\" width=\"1024\" height=\"1024\" src=\"https:\/\/antoniopapini.it\/wp-content\/uploads\/2022\/02\/PAPINI_HOME-1024x1024.png\" class=\"attachment-large size-large\" alt=\"\" srcset=\"https:\/\/antoniopapini.it\/wp-content\/uploads\/2022\/02\/PAPINI_HOME-1024x1024.png 1024w, https:\/\/antoniopapini.it\/wp-content\/uploads\/2022\/02\/PAPINI_HOME-300x300.png 300w, https:\/\/antoniopapini.it\/wp-content\/uploads\/2022\/02\/PAPINI_HOME-150x150.png 150w, https:\/\/antoniopapini.it\/wp-content\/uploads\/2022\/02\/PAPINI_HOME-768x768.png 768w, https:\/\/antoniopapini.it\/wp-content\/uploads\/2022\/02\/PAPINI_HOME.png 1500w\" sizes=\"(max-width: 1024px) 100vw, 1024px\" \/>\t\t\t\t\t\t\t\t\t\t\t\t\t\t\t<\/div>\n\t\t\t\t<\/div>\n\t\t\t\t<div class=\"elementor-element elementor-element-1ca30ee elementor-align-center elementor-widget elementor-widget-button\" data-id=\"1ca30ee\" data-element_type=\"widget\" data-widget_type=\"button.default\">\n\t\t\t\t<div class=\"elementor-widget-container\">\n\t\t\t\t\t<div class=\"elementor-button-wrapper\">\n\t\t\t<a href=\"http:\/\/antoniopapini.it\/papini\/\" class=\"elementor-button-link elementor-button elementor-size-sm\" role=\"button\">\n\t\t\t\t\t\t<span class=\"elementor-button-content-wrapper\">\n\t\t\t\t\t\t<span class=\"elementor-button-text\">DESCUBRE M\u00c1S<\/span>\n\t\t<\/span>\n\t\t\t\t\t<\/a>\n\t\t<\/div>\n\t\t\t\t<\/div>\n\t\t\t\t<\/div>\n\t\t\t\t\t<\/div>\n\t\t<\/div>\n\t\t\t\t\t\t\t<\/div>\n\t\t<\/section>\n\t\t\t\t\t<\/div>\n\t\t<\/div>\n\t\t\t\t<div class=\"elementor-column elementor-col-50 elementor-top-column elementor-element elementor-element-95d4c47\" data-id=\"95d4c47\" data-element_type=\"column\">\n\t\t\t<div class=\"elementor-widget-wrap elementor-element-populated\">\n\t\t\t\t\t\t\t\t<section class=\"elementor-section elementor-inner-section elementor-element elementor-element-d8477ca elementor-section-boxed elementor-section-height-default elementor-section-height-default\" data-id=\"d8477ca\" data-element_type=\"section\" data-settings=\"{&quot;background_background&quot;:&quot;classic&quot;}\">\n\t\t\t\t\t\t<div class=\"elementor-container elementor-column-gap-no\">\n\t\t\t\t\t<div class=\"elementor-column elementor-col-66 elementor-inner-column elementor-element elementor-element-4518701\" data-id=\"4518701\" data-element_type=\"column\" data-settings=\"{&quot;background_background&quot;:&quot;classic&quot;}\">\n\t\t\t<div class=\"elementor-widget-wrap elementor-element-populated\">\n\t\t\t\t\t\t\t\t<div class=\"elementor-element elementor-element-674e93f elementor-widget elementor-widget-image\" data-id=\"674e93f\" data-element_type=\"widget\" data-widget_type=\"image.default\">\n\t\t\t\t<div class=\"elementor-widget-container\">\n\t\t\t\t\t\t\t\t\t\t\t\t\t\t\t<img decoding=\"async\" width=\"288\" height=\"53\" src=\"https:\/\/antoniopapini.it\/wp-content\/uploads\/2022\/01\/Raggruppa-42.png\" class=\"attachment-medium_large size-medium_large\" alt=\"\" \/>\t\t\t\t\t\t\t\t\t\t\t\t\t\t\t<\/div>\n\t\t\t\t<\/div>\n\t\t\t\t<div class=\"elementor-element elementor-element-62efaa8 elementor-widget elementor-widget-image\" data-id=\"62efaa8\" data-element_type=\"widget\" data-widget_type=\"image.default\">\n\t\t\t\t<div class=\"elementor-widget-container\">\n\t\t\t\t\t\t\t\t\t\t\t\t\t\t\t<img decoding=\"async\" width=\"1000\" height=\"1000\" src=\"https:\/\/antoniopapini.it\/wp-content\/uploads\/2022\/02\/R_OROMALIA_3.png\" class=\"attachment-large size-large\" alt=\"\" srcset=\"https:\/\/antoniopapini.it\/wp-content\/uploads\/2022\/02\/R_OROMALIA_3.png 1000w, https:\/\/antoniopapini.it\/wp-content\/uploads\/2022\/02\/R_OROMALIA_3-300x300.png 300w, https:\/\/antoniopapini.it\/wp-content\/uploads\/2022\/02\/R_OROMALIA_3-150x150.png 150w, https:\/\/antoniopapini.it\/wp-content\/uploads\/2022\/02\/R_OROMALIA_3-768x768.png 768w\" sizes=\"(max-width: 1000px) 100vw, 1000px\" \/>\t\t\t\t\t\t\t\t\t\t\t\t\t\t\t<\/div>\n\t\t\t\t<\/div>\n\t\t\t\t<div class=\"elementor-element elementor-element-0a46281 elementor-align-center elementor-widget elementor-widget-button\" data-id=\"0a46281\" data-element_type=\"widget\" data-widget_type=\"button.default\">\n\t\t\t\t<div class=\"elementor-widget-container\">\n\t\t\t\t\t<div class=\"elementor-button-wrapper\">\n\t\t\t<a href=\"http:\/\/antoniopapini.it\/oromalia\/\" class=\"elementor-button-link elementor-button elementor-size-sm\" role=\"button\">\n\t\t\t\t\t\t<span class=\"elementor-button-content-wrapper\">\n\t\t\t\t\t\t<span class=\"elementor-button-text\">DESCUBRE M\u00c1S<\/span>\n\t\t<\/span>\n\t\t\t\t\t<\/a>\n\t\t<\/div>\n\t\t\t\t<\/div>\n\t\t\t\t<\/div>\n\t\t\t\t\t<\/div>\n\t\t<\/div>\n\t\t\t\t<div class=\"elementor-column elementor-col-33 elementor-inner-column elementor-element elementor-element-69cbca0 elementor-hidden-mobile\" data-id=\"69cbca0\" data-element_type=\"column\">\n\t\t\t<div class=\"elementor-widget-wrap elementor-element-populated\">\n\t\t\t\t\t\t\t\t<div class=\"elementor-element elementor-element-a515358 elementor-widget elementor-widget-image\" data-id=\"a515358\" data-element_type=\"widget\" data-widget_type=\"image.default\">\n\t\t\t\t<div class=\"elementor-widget-container\">\n\t\t\t\t\t\t\t\t\t\t\t\t\t\t\t<img decoding=\"async\" width=\"314\" height=\"1024\" src=\"https:\/\/antoniopapini.it\/wp-content\/uploads\/2022\/12\/area_riservata_zoom_dx-314x1024.jpg\" class=\"attachment-large size-large\" alt=\"\" srcset=\"https:\/\/antoniopapini.it\/wp-content\/uploads\/2022\/12\/area_riservata_zoom_dx-314x1024.jpg 314w, https:\/\/antoniopapini.it\/wp-content\/uploads\/2022\/12\/area_riservata_zoom_dx-92x300.jpg 92w\" sizes=\"(max-width: 314px) 100vw, 314px\" \/>\t\t\t\t\t\t\t\t\t\t\t\t\t\t\t<\/div>\n\t\t\t\t<\/div>\n\t\t\t\t\t<\/div>\n\t\t<\/div>\n\t\t\t\t\t\t\t<\/div>\n\t\t<\/section>\n\t\t\t\t\t<\/div>\n\t\t<\/div>\n\t\t\t\t\t\t\t<\/div>\n\t\t<\/section>\n\t\t\t\t\t\t\t<\/div>\n\t\t","protected":false},"excerpt":{"rendered":"<p>\u00c1rea Reservada Nuestra \u00c1rea Reservada es un espacio dedicado a todos los joyerosque han elegido compartir con Antonio Papini Gioielli su profunda pasi\u00f3npor la orfebrer\u00eda. El \u00c1rea Reservada garantiza la posibilidad exclusiva de descargar las listas de precios y as\u00ed conocer los productos AntonioPapiniy Oromalia, en todos sus maravillosos detalles. El acceso tambi\u00e9n ofrece la &hellip;<\/p>\n<p class=\"read-more\"> <a class=\"\" href=\"https:\/\/antoniopapini.it\/es\/area-reservada\/\"> <span class=\"screen-reader-text\">\u00c1rea Reservada<\/span> Leer m\u00e1s &raquo;<\/a><\/p>\n","protected":false},"author":1,"featured_media":0,"parent":0,"menu_order":0,"comment_status":"closed","ping_status":"closed","template":"","meta":{"site-sidebar-layout":"no-sidebar","site-content-layout":"page-builder","ast-global-header-display":"","ast-main-header-display":"","ast-hfb-above-header-display":"","ast-hfb-below-header-display":"","ast-hfb-mobile-header-display":"","site-post-title":"disabled","ast-breadcrumbs-content":"","ast-featured-img":"disabled","footer-sml-layout":"","theme-transparent-header-meta":"","adv-header-id-meta":"","stick-header-meta":"","header-above-stick-meta":"","header-main-stick-meta":"","header-below-stick-meta":"","footnotes":""},"class_list":["post-862","page","type-page","status-publish","hentry"],"_links":{"self":[{"href":"https:\/\/antoniopapini.it\/es\/wp-json\/wp\/v2\/pages\/862","targetHints":{"allow":["GET"]}}],"collection":[{"href":"https:\/\/antoniopapini.it\/es\/wp-json\/wp\/v2\/pages"}],"about":[{"href":"https:\/\/antoniopapini.it\/es\/wp-json\/wp\/v2\/types\/page"}],"author":[{"embeddable":true,"href":"https:\/\/antoniopapini.it\/es\/wp-json\/wp\/v2\/users\/1"}],"replies":[{"embeddable":true,"href":"https:\/\/antoniopapini.it\/es\/wp-json\/wp\/v2\/comments?post=862"}],"version-history":[{"count":5,"href":"https:\/\/antoniopapini.it\/es\/wp-json\/wp\/v2\/pages\/862\/revisions"}],"predecessor-version":[{"id":1017,"href":"https:\/\/antoniopapini.it\/es\/wp-json\/wp\/v2\/pages\/862\/revisions\/1017"}],"wp:attachment":[{"href":"https:\/\/antoniopapini.it\/es\/wp-json\/wp\/v2\/media?parent=862"}],"curies":[{"name":"wp","href":"https:\/\/api.w.org\/{rel}","templated":true}]}}