{"id":852,"date":"2022-01-25T19:22:02","date_gmt":"2022-01-25T18:22:02","guid":{"rendered":"https:\/\/antoniopapini.it\/ferias\/"},"modified":"2025-08-21T15:21:17","modified_gmt":"2025-08-21T13:21:17","slug":"ferias","status":"publish","type":"page","link":"https:\/\/antoniopapini.it\/es\/ferias\/","title":{"rendered":"Espect\u00e1culo m\u00e1s peque\u00f1o, impacto enorme."},"content":{"rendered":"\t\t<div data-elementor-type=\"wp-page\" data-elementor-id=\"852\" class=\"elementor elementor-852 elementor-24\">\n\t\t\t\t\t\t\t\t\t<section class=\"elementor-section elementor-top-section elementor-element elementor-element-c5a68c8 elementor-section-height-min-height elementor-section-boxed elementor-section-height-default elementor-section-items-middle\" data-id=\"c5a68c8\" data-element_type=\"section\" data-settings=\"{&quot;background_background&quot;:&quot;classic&quot;}\">\n\t\t\t\t\t\t<div class=\"elementor-container elementor-column-gap-no\">\n\t\t\t\t\t<div class=\"elementor-column elementor-col-100 elementor-top-column elementor-element elementor-element-0c51364\" data-id=\"0c51364\" data-element_type=\"column\">\n\t\t\t<div class=\"elementor-widget-wrap\">\n\t\t\t\t\t\t\t\t\t<\/div>\n\t\t<\/div>\n\t\t\t\t\t\t\t<\/div>\n\t\t<\/section>\n\t\t\t\t<section class=\"elementor-section elementor-top-section elementor-element elementor-element-dd0a01b elementor-section-boxed elementor-section-height-default elementor-section-height-default\" data-id=\"dd0a01b\" data-element_type=\"section\">\n\t\t\t\t\t\t<div class=\"elementor-container elementor-column-gap-default\">\n\t\t\t\t\t<div class=\"elementor-column elementor-col-100 elementor-top-column elementor-element elementor-element-cefa3c1\" data-id=\"cefa3c1\" data-element_type=\"column\">\n\t\t\t<div class=\"elementor-widget-wrap elementor-element-populated\">\n\t\t\t\t\t\t\t\t<div class=\"elementor-element elementor-element-76951ac elementor-widget elementor-widget-heading\" data-id=\"76951ac\" data-element_type=\"widget\" data-widget_type=\"heading.default\">\n\t\t\t\t<div class=\"elementor-widget-container\">\n\t\t\t<style>\/*! elementor - v3.6.6 - 08-06-2022 *\/\n.elementor-heading-title{padding:0;margin:0;line-height:1}.elementor-widget-heading .elementor-heading-title[class*=elementor-size-]>a{color:inherit;font-size:inherit;line-height:inherit}.elementor-widget-heading .elementor-heading-title.elementor-size-small{font-size:15px}.elementor-widget-heading .elementor-heading-title.elementor-size-medium{font-size:19px}.elementor-widget-heading .elementor-heading-title.elementor-size-large{font-size:29px}.elementor-widget-heading .elementor-heading-title.elementor-size-xl{font-size:39px}.elementor-widget-heading .elementor-heading-title.elementor-size-xxl{font-size:59px}<\/style><h1 class=\"elementor-heading-title elementor-size-default\">Nuestras ferias<\/h1>\t\t<\/div>\n\t\t\t\t<\/div>\n\t\t\t\t<div class=\"elementor-element elementor-element-490f75e elementor-widget elementor-widget-text-editor\" data-id=\"490f75e\" data-element_type=\"widget\" data-widget_type=\"text-editor.default\">\n\t\t\t\t<div class=\"elementor-widget-container\">\n\t\t\t<style>\/*! elementor - v3.6.6 - 08-06-2022 *\/\n.elementor-widget-text-editor.elementor-drop-cap-view-stacked .elementor-drop-cap{background-color:#818a91;color:#fff}.elementor-widget-text-editor.elementor-drop-cap-view-framed .elementor-drop-cap{color:#818a91;border:3px solid;background-color:transparent}.elementor-widget-text-editor:not(.elementor-drop-cap-view-default) .elementor-drop-cap{margin-top:8px}.elementor-widget-text-editor:not(.elementor-drop-cap-view-default) .elementor-drop-cap-letter{width:1em;height:1em}.elementor-widget-text-editor .elementor-drop-cap{float:left;text-align:center;line-height:1;font-size:50px}.elementor-widget-text-editor .elementor-drop-cap-letter{display:inline-block}<\/style>\t\t\t\t<p>Tanto la orfebrer\u00eda como la joyer\u00eda son ambientes extraordinarios en los que la inspiraci\u00f3n y la innovaci\u00f3n representan el valor a\u00f1adido de cada marca y, por lo tanto, de sus preciosas creaciones.&nbsp;<span style=\"font-style: inherit; font-weight: inherit; color: var( --e-global-color-text ); font-family: var( --e-global-typography-text-font-family ), Sans-serif;\">Las ferias y los salones del sector ofrecen una oportunidad \u00fanica para confrontarse con un panorama importante e internacional. Ocasiones, pues, para dejarse estimular por una creatividad nueva y valiosa, y para proponer la propia autenticidad.<\/span><\/p>\n\t\t\t\t\t\t<\/div>\n\t\t\t\t<\/div>\n\t\t\t\t<section class=\"elementor-section elementor-inner-section elementor-element elementor-element-1cf5a87 elementor-section-boxed elementor-section-height-default elementor-section-height-default\" data-id=\"1cf5a87\" data-element_type=\"section\">\n\t\t\t\t\t\t<div class=\"elementor-container elementor-column-gap-default\">\n\t\t\t\t\t<div class=\"elementor-column elementor-col-50 elementor-inner-column elementor-element elementor-element-6f57c90\" data-id=\"6f57c90\" data-element_type=\"column\">\n\t\t\t<div class=\"elementor-widget-wrap elementor-element-populated\">\n\t\t\t\t\t\t\t\t<div class=\"elementor-element elementor-element-6b88958 elementor-widget elementor-widget-image\" data-id=\"6b88958\" data-element_type=\"widget\" data-widget_type=\"image.default\">\n\t\t\t\t<div class=\"elementor-widget-container\">\n\t\t\t<style>\/*! elementor - v3.6.6 - 08-06-2022 *\/\n.elementor-widget-image{text-align:center}.elementor-widget-image a{display:inline-block}.elementor-widget-image a img[src$=\".svg\"]{width:48px}.elementor-widget-image img{vertical-align:middle;display:inline-block}<\/style>\t\t\t\t\t\t\t\t\t\t\t\t<img decoding=\"async\" width=\"300\" height=\"201\" src=\"https:\/\/antoniopapini.it\/wp-content\/uploads\/2022\/03\/logo_papini-02-300x201.png\" class=\"attachment-medium size-medium\" alt=\"\" srcset=\"https:\/\/antoniopapini.it\/wp-content\/uploads\/2022\/03\/logo_papini-02-300x201.png 300w, https:\/\/antoniopapini.it\/wp-content\/uploads\/2022\/03\/logo_papini-02-768x514.png 768w, https:\/\/antoniopapini.it\/wp-content\/uploads\/2022\/03\/logo_papini-02.png 896w\" sizes=\"(max-width: 300px) 100vw, 300px\" \/>\t\t\t\t\t\t\t\t\t\t\t\t\t\t\t<\/div>\n\t\t\t\t<\/div>\n\t\t\t\t\t<\/div>\n\t\t<\/div>\n\t\t\t\t<div class=\"elementor-column elementor-col-50 elementor-inner-column elementor-element elementor-element-3601d88\" data-id=\"3601d88\" data-element_type=\"column\">\n\t\t\t<div class=\"elementor-widget-wrap elementor-element-populated\">\n\t\t\t\t\t\t\t\t<div class=\"elementor-element elementor-element-72cab42 elementor-widget elementor-widget-text-editor\" data-id=\"72cab42\" data-element_type=\"widget\" data-widget_type=\"text-editor.default\">\n\t\t\t\t<div class=\"elementor-widget-container\">\n\t\t\t\t\t\t\t<p>VICENZAORO representa el m\u00e1s importante Sal\u00f3n europeo dedicado a la orfebrer\u00eda y a la joyer\u00eda. Es una ocasi\u00f3n \u00fanica para el sector que ofrece un punto de encuentro entre los protagonistas m\u00e1s influyentes del mundo de la orfebrer\u00eda y de la joyer\u00eda.<\/p>\n<p>VICENZAORO es hoy la principal puerta de entrada a los mercados europeos, rusos y de oriente medio. Oportunidades extraordinarias que lo convierten en un lugar de excelencia para consolidar o desarrollar relaciones y negocios, adem\u00e1s de representar un observatorio privilegiado de las tendencias y los estilos del mercado. <\/p>\n\t\t\t\t\t\t<\/div>\n\t\t\t\t<\/div>\n\t\t\t\t<div class=\"elementor-element elementor-element-0a8a14f elementor-align-left elementor-widget elementor-widget-button\" data-id=\"0a8a14f\" data-element_type=\"widget\" data-widget_type=\"button.default\">\n\t\t\t\t<div class=\"elementor-widget-container\">\n\t\t\t\t\t<div class=\"elementor-button-wrapper\">\n\t\t\t<a href=\"https:\/\/www.vicenzaoro.com\/it\/\" class=\"elementor-button-link elementor-button elementor-size-sm\" role=\"button\">\n\t\t\t\t\t\t<span class=\"elementor-button-content-wrapper\">\n\t\t\t\t\t\t<span class=\"elementor-button-text\">Descubre m\u00e1s<\/span>\n\t\t<\/span>\n\t\t\t\t\t<\/a>\n\t\t<\/div>\n\t\t\t\t<\/div>\n\t\t\t\t<\/div>\n\t\t\t\t\t<\/div>\n\t\t<\/div>\n\t\t\t\t\t\t\t<\/div>\n\t\t<\/section>\n\t\t\t\t<section class=\"elementor-section elementor-inner-section elementor-element elementor-element-b44dc78 elementor-section-boxed elementor-section-height-default elementor-section-height-default\" data-id=\"b44dc78\" data-element_type=\"section\">\n\t\t\t\t\t\t<div class=\"elementor-container elementor-column-gap-default\">\n\t\t\t\t\t<div class=\"elementor-column elementor-col-50 elementor-inner-column elementor-element elementor-element-b1aeced\" data-id=\"b1aeced\" data-element_type=\"column\">\n\t\t\t<div class=\"elementor-widget-wrap elementor-element-populated\">\n\t\t\t\t\t\t\t\t<div class=\"elementor-element elementor-element-1c3c263 elementor-widget elementor-widget-image\" data-id=\"1c3c263\" data-element_type=\"widget\" data-widget_type=\"image.default\">\n\t\t\t\t<div class=\"elementor-widget-container\">\n\t\t\t\t\t\t\t\t\t\t\t\t\t\t\t<img decoding=\"async\" width=\"300\" height=\"201\" src=\"https:\/\/antoniopapini.it\/wp-content\/uploads\/2023\/01\/logo_centurion_sito-300x201.png\" class=\"attachment-medium size-medium\" alt=\"\" srcset=\"https:\/\/antoniopapini.it\/wp-content\/uploads\/2023\/01\/logo_centurion_sito-300x201.png 300w, https:\/\/antoniopapini.it\/wp-content\/uploads\/2023\/01\/logo_centurion_sito-768x514.png 768w, https:\/\/antoniopapini.it\/wp-content\/uploads\/2023\/01\/logo_centurion_sito.png 896w\" sizes=\"(max-width: 300px) 100vw, 300px\" \/>\t\t\t\t\t\t\t\t\t\t\t\t\t\t\t<\/div>\n\t\t\t\t<\/div>\n\t\t\t\t\t<\/div>\n\t\t<\/div>\n\t\t\t\t<div class=\"elementor-column elementor-col-50 elementor-inner-column elementor-element elementor-element-574031f\" data-id=\"574031f\" data-element_type=\"column\">\n\t\t\t<div class=\"elementor-widget-wrap elementor-element-populated\">\n\t\t\t\t\t\t\t\t<div class=\"elementor-element elementor-element-edb14d4 elementor-widget elementor-widget-text-editor\" data-id=\"edb14d4\" data-element_type=\"widget\" data-widget_type=\"text-editor.default\">\n\t\t\t\t<div class=\"elementor-widget-container\">\n\t\t\t\t\t\t\t<p>Espect\u00e1culo m\u00e1s peque\u00f1o, impacto enorme. CENTURION es durante 22 a\u00f1os el principal evento de joyer\u00eda de la industria de la joyer\u00eda para las mejores joyer\u00edas y los mejores dise\u00f1adores.<\/p>\n<p>Comience su a\u00f1o desde un lugar de fuerza. CENTURION es una feria solo por invitaci\u00f3n para la industria de la joyer\u00eda de alta gama. Nuestros expositores y minoristas son fuertemente revisados por calidad y confiabilidad Esto crea un peque\u00f1o espect\u00e1culo compuesto por los mejores profesionales en el sector de la joyer\u00eda.<\/p>\n\t\t\t\t\t\t<\/div>\n\t\t\t\t<\/div>\n\t\t\t\t<div class=\"elementor-element elementor-element-94e4c65 elementor-align-left elementor-widget elementor-widget-button\" data-id=\"94e4c65\" data-element_type=\"widget\" data-widget_type=\"button.default\">\n\t\t\t\t<div class=\"elementor-widget-container\">\n\t\t\t\t\t<div class=\"elementor-button-wrapper\">\n\t\t\t<a href=\"https:\/\/centurionjewelry.com\/\" class=\"elementor-button-link elementor-button elementor-size-sm\" role=\"button\">\n\t\t\t\t\t\t<span class=\"elementor-button-content-wrapper\">\n\t\t\t\t\t\t<span class=\"elementor-button-text\">Descubre m\u00e1s<\/span>\n\t\t<\/span>\n\t\t\t\t\t<\/a>\n\t\t<\/div>\n\t\t\t\t<\/div>\n\t\t\t\t<\/div>\n\t\t\t\t\t<\/div>\n\t\t<\/div>\n\t\t\t\t\t\t\t<\/div>\n\t\t<\/section>\n\t\t\t\t<section class=\"elementor-section elementor-inner-section elementor-element elementor-element-f182ce7 elementor-section-boxed elementor-section-height-default elementor-section-height-default\" data-id=\"f182ce7\" data-element_type=\"section\">\n\t\t\t\t\t\t<div class=\"elementor-container elementor-column-gap-default\">\n\t\t\t\t\t<div class=\"elementor-column elementor-col-50 elementor-inner-column elementor-element elementor-element-1aa5b96\" data-id=\"1aa5b96\" data-element_type=\"column\">\n\t\t\t<div class=\"elementor-widget-wrap elementor-element-populated\">\n\t\t\t\t\t\t\t\t<div class=\"elementor-element elementor-element-df5b9a6 elementor-widget elementor-widget-image\" data-id=\"df5b9a6\" data-element_type=\"widget\" data-widget_type=\"image.default\">\n\t\t\t\t<div class=\"elementor-widget-container\">\n\t\t\t\t\t\t\t\t\t\t\t\t\t\t\t<img decoding=\"async\" width=\"300\" height=\"201\" src=\"https:\/\/antoniopapini.it\/wp-content\/uploads\/2022\/03\/logo_papini-01-300x201.png\" class=\"attachment-medium size-medium\" alt=\"\" srcset=\"https:\/\/antoniopapini.it\/wp-content\/uploads\/2022\/03\/logo_papini-01-300x201.png 300w, https:\/\/antoniopapini.it\/wp-content\/uploads\/2022\/03\/logo_papini-01-768x514.png 768w, https:\/\/antoniopapini.it\/wp-content\/uploads\/2022\/03\/logo_papini-01.png 896w\" sizes=\"(max-width: 300px) 100vw, 300px\" \/>\t\t\t\t\t\t\t\t\t\t\t\t\t\t\t<\/div>\n\t\t\t\t<\/div>\n\t\t\t\t\t<\/div>\n\t\t<\/div>\n\t\t\t\t<div class=\"elementor-column elementor-col-50 elementor-inner-column elementor-element elementor-element-e954a85\" data-id=\"e954a85\" data-element_type=\"column\">\n\t\t\t<div class=\"elementor-widget-wrap elementor-element-populated\">\n\t\t\t\t\t\t\t\t<div class=\"elementor-element elementor-element-05318e6 elementor-widget elementor-widget-text-editor\" data-id=\"05318e6\" data-element_type=\"widget\" data-widget_type=\"text-editor.default\">\n\t\t\t\t<div class=\"elementor-widget-container\">\n\t\t\t\t\t\t\t<p>COUTURE est\u00e1 considerada como una de las m\u00e1s extraordinarias ferias de joyas y relojes de lujo del mundo. Celebrada cada a\u00f1o en la espl\u00e9ndida Venue Wynn Las Vegas, es un destino exclusivo e \u00edntimo para el mercado de la joyer\u00eda.&nbsp;<\/p>\n<p><span style=\"font-style: inherit; font-weight: inherit; color: var( --e-global-color-text ); font-family: var( --e-global-typography-text-font-family ), Sans-serif;\">COUTURE se dirige a una \u00e9lite de marcas de renombre, talentos del dise\u00f1o y minoristas reconocidos. Por lo tanto, es una ocasi\u00f3n para ampliar y consolidar network, conexiones y negocios en el sector, pero tambi\u00e9n una oportunidad para tocar con la mano algunas de las joyas m\u00e1s aut\u00e9nticas y valiosas del mundo.&nbsp;<\/span><\/p>\n<div><\/div>\n\t\t\t\t\t\t<\/div>\n\t\t\t\t<\/div>\n\t\t\t\t<div class=\"elementor-element elementor-element-ed6eac0 elementor-align-left elementor-widget elementor-widget-button\" data-id=\"ed6eac0\" data-element_type=\"widget\" data-widget_type=\"button.default\">\n\t\t\t\t<div class=\"elementor-widget-container\">\n\t\t\t\t\t<div class=\"elementor-button-wrapper\">\n\t\t\t<a href=\"https:\/\/thecoutureshow.com\/\" class=\"elementor-button-link elementor-button elementor-size-sm\" role=\"button\">\n\t\t\t\t\t\t<span class=\"elementor-button-content-wrapper\">\n\t\t\t\t\t\t<span class=\"elementor-button-text\">Descubre m\u00e1s<\/span>\n\t\t<\/span>\n\t\t\t\t\t<\/a>\n\t\t<\/div>\n\t\t\t\t<\/div>\n\t\t\t\t<\/div>\n\t\t\t\t\t<\/div>\n\t\t<\/div>\n\t\t\t\t\t\t\t<\/div>\n\t\t<\/section>\n\t\t\t\t\t<\/div>\n\t\t<\/div>\n\t\t\t\t\t\t\t<\/div>\n\t\t<\/section>\n\t\t\t\t\t\t\t<\/div>\n\t\t","protected":false},"excerpt":{"rendered":"<p>Nuestras ferias Tanto la orfebrer\u00eda como la joyer\u00eda son ambientes extraordinarios en los que la inspiraci\u00f3n y la innovaci\u00f3n representan el valor a\u00f1adido de cada marca y, por lo tanto, de sus preciosas creaciones.&nbsp;Las ferias y los salones del sector ofrecen una oportunidad \u00fanica para confrontarse con un panorama importante e internacional. Ocasiones, pues, para &hellip;<\/p>\n<p class=\"read-more\"> <a class=\"\" href=\"https:\/\/antoniopapini.it\/es\/ferias\/\"> <span class=\"screen-reader-text\">Espect\u00e1culo m\u00e1s peque\u00f1o, impacto enorme.<\/span> Leer m\u00e1s &raquo;<\/a><\/p>\n","protected":false},"author":1,"featured_media":0,"parent":0,"menu_order":0,"comment_status":"closed","ping_status":"closed","template":"","meta":{"site-sidebar-layout":"no-sidebar","site-content-layout":"page-builder","ast-global-header-display":"","ast-main-header-display":"","ast-hfb-above-header-display":"","ast-hfb-below-header-display":"","ast-hfb-mobile-header-display":"","site-post-title":"disabled","ast-breadcrumbs-content":"","ast-featured-img":"disabled","footer-sml-layout":"","theme-transparent-header-meta":"","adv-header-id-meta":"","stick-header-meta":"","header-above-stick-meta":"","header-main-stick-meta":"","header-below-stick-meta":"","footnotes":""},"class_list":["post-852","page","type-page","status-publish","hentry"],"_links":{"self":[{"href":"https:\/\/antoniopapini.it\/es\/wp-json\/wp\/v2\/pages\/852","targetHints":{"allow":["GET"]}}],"collection":[{"href":"https:\/\/antoniopapini.it\/es\/wp-json\/wp\/v2\/pages"}],"about":[{"href":"https:\/\/antoniopapini.it\/es\/wp-json\/wp\/v2\/types\/page"}],"author":[{"embeddable":true,"href":"https:\/\/antoniopapini.it\/es\/wp-json\/wp\/v2\/users\/1"}],"replies":[{"embeddable":true,"href":"https:\/\/antoniopapini.it\/es\/wp-json\/wp\/v2\/comments?post=852"}],"version-history":[{"count":15,"href":"https:\/\/antoniopapini.it\/es\/wp-json\/wp\/v2\/pages\/852\/revisions"}],"predecessor-version":[{"id":1246,"href":"https:\/\/antoniopapini.it\/es\/wp-json\/wp\/v2\/pages\/852\/revisions\/1246"}],"wp:attachment":[{"href":"https:\/\/antoniopapini.it\/es\/wp-json\/wp\/v2\/media?parent=852"}],"curies":[{"name":"wp","href":"https:\/\/api.w.org\/{rel}","templated":true}]}}