{"id":843,"date":"2022-01-25T19:21:36","date_gmt":"2022-01-25T18:21:36","guid":{"rendered":"https:\/\/antoniopapini.it\/empresa\/"},"modified":"2025-08-21T15:06:49","modified_gmt":"2025-08-21T13:06:49","slug":"empresa","status":"publish","type":"page","link":"https:\/\/antoniopapini.it\/es\/empresa\/","title":{"rendered":"Empresa"},"content":{"rendered":"\t\t<div data-elementor-type=\"wp-page\" data-elementor-id=\"843\" class=\"elementor elementor-843 elementor-19\">\n\t\t\t\t\t\t\t\t\t<section class=\"elementor-section elementor-top-section elementor-element elementor-element-75c6e76 elementor-section-height-min-height elementor-section-items-stretch elementor-section-boxed elementor-section-height-default\" data-id=\"75c6e76\" data-element_type=\"section\" data-settings=\"{&quot;background_background&quot;:&quot;classic&quot;}\">\n\t\t\t\t\t\t<div class=\"elementor-container elementor-column-gap-no\">\n\t\t\t\t\t<div class=\"elementor-column elementor-col-100 elementor-top-column elementor-element elementor-element-66a831d\" data-id=\"66a831d\" data-element_type=\"column\">\n\t\t\t<div class=\"elementor-widget-wrap elementor-element-populated\">\n\t\t\t\t\t\t\t\t<div class=\"elementor-element elementor-element-48c7aaf elementor-widget elementor-widget-heading\" data-id=\"48c7aaf\" data-element_type=\"widget\" data-widget_type=\"heading.default\">\n\t\t\t\t<div class=\"elementor-widget-container\">\n\t\t\t<style>\/*! elementor - v3.6.6 - 08-06-2022 *\/\n.elementor-heading-title{padding:0;margin:0;line-height:1}.elementor-widget-heading .elementor-heading-title[class*=elementor-size-]>a{color:inherit;font-size:inherit;line-height:inherit}.elementor-widget-heading .elementor-heading-title.elementor-size-small{font-size:15px}.elementor-widget-heading .elementor-heading-title.elementor-size-medium{font-size:19px}.elementor-widget-heading .elementor-heading-title.elementor-size-large{font-size:29px}.elementor-widget-heading .elementor-heading-title.elementor-size-xl{font-size:39px}.elementor-widget-heading .elementor-heading-title.elementor-size-xxl{font-size:59px}<\/style><h1 class=\"elementor-heading-title elementor-size-default\">Tradici\u00f3n y <br>Made in Italy<\/h1>\t\t<\/div>\n\t\t\t\t<\/div>\n\t\t\t\t\t<\/div>\n\t\t<\/div>\n\t\t\t\t\t\t\t<\/div>\n\t\t<\/section>\n\t\t\t\t<section class=\"elementor-section elementor-top-section elementor-element elementor-element-71fb432 elementor-section-full_width elementor-reverse-mobile elementor-section-height-default elementor-section-height-default\" data-id=\"71fb432\" data-element_type=\"section\">\n\t\t\t\t\t\t<div class=\"elementor-container elementor-column-gap-no\">\n\t\t\t\t\t<div class=\"elementor-column elementor-col-50 elementor-top-column elementor-element elementor-element-138e4f5\" data-id=\"138e4f5\" data-element_type=\"column\">\n\t\t\t<div class=\"elementor-widget-wrap elementor-element-populated\">\n\t\t\t\t\t\t\t\t<div class=\"elementor-element elementor-element-f9fe0f0 elementor-widget elementor-widget-heading\" data-id=\"f9fe0f0\" data-element_type=\"widget\" data-widget_type=\"heading.default\">\n\t\t\t\t<div class=\"elementor-widget-container\">\n\t\t\t<h2 class=\"elementor-heading-title elementor-size-default\">Empresa<\/h2>\t\t<\/div>\n\t\t\t\t<\/div>\n\t\t\t\t<div class=\"elementor-element elementor-element-a2968a9 elementor-widget elementor-widget-text-editor\" data-id=\"a2968a9\" data-element_type=\"widget\" data-widget_type=\"text-editor.default\">\n\t\t\t\t<div class=\"elementor-widget-container\">\n\t\t\t<style>\/*! elementor - v3.6.6 - 08-06-2022 *\/\n.elementor-widget-text-editor.elementor-drop-cap-view-stacked .elementor-drop-cap{background-color:#818a91;color:#fff}.elementor-widget-text-editor.elementor-drop-cap-view-framed .elementor-drop-cap{color:#818a91;border:3px solid;background-color:transparent}.elementor-widget-text-editor:not(.elementor-drop-cap-view-default) .elementor-drop-cap{margin-top:8px}.elementor-widget-text-editor:not(.elementor-drop-cap-view-default) .elementor-drop-cap-letter{width:1em;height:1em}.elementor-widget-text-editor .elementor-drop-cap{float:left;text-align:center;line-height:1;font-size:50px}.elementor-widget-text-editor .elementor-drop-cap-letter{display:inline-block}<\/style>\t\t\t\t<p>Antonio Papini es una historia de inestimable tradici\u00f3n y profunda pasi\u00f3n por el mundo de la joyer\u00eda, que dura m\u00e1s de cuarenta a\u00f1os Desde 1974, en el coraz\u00f3n de la Toscana, el artesanado meticuloso y aut\u00e9ntico exalta el potencial de los materiales m\u00e1s preciosos, como el oro, los diamantes y otros elementos naturales, a trav\u00e9s de refinadas elaboraciones.<\/p>\n<p>Las joyas Antonio Papini nacen as\u00ed de la exaltaci\u00f3n de la t\u00e9cnica y de la maestr\u00eda. Pero es en la creatividad con la que se plasman donde se reconoce su eterna belleza y su inconfundible elegancia. Se trata de una preciosa historia familiar que, con cada detalle, celebra el Made in Italy en diferentes mercados del mundo.<\/p>\n\t\t\t\t\t\t<\/div>\n\t\t\t\t<\/div>\n\t\t\t\t\t<\/div>\n\t\t<\/div>\n\t\t\t\t<div class=\"elementor-column elementor-col-50 elementor-top-column elementor-element elementor-element-d668c59\" data-id=\"d668c59\" data-element_type=\"column\" data-settings=\"{&quot;background_background&quot;:&quot;classic&quot;}\">\n\t\t\t<div class=\"elementor-widget-wrap elementor-element-populated\">\n\t\t\t\t\t\t\t\t<div class=\"elementor-element elementor-element-6cc42d9 elementor-widget elementor-widget-image\" data-id=\"6cc42d9\" data-element_type=\"widget\" data-widget_type=\"image.default\">\n\t\t\t\t<div class=\"elementor-widget-container\">\n\t\t\t<style>\/*! elementor - v3.6.6 - 08-06-2022 *\/\n.elementor-widget-image{text-align:center}.elementor-widget-image a{display:inline-block}.elementor-widget-image a img[src$=\".svg\"]{width:48px}.elementor-widget-image img{vertical-align:middle;display:inline-block}<\/style>\t\t\t\t\t\t\t\t\t\t\t\t<img decoding=\"async\" width=\"768\" height=\"734\" src=\"https:\/\/antoniopapini.it\/wp-content\/uploads\/2022\/01\/Raggruppa-25-768x734.jpg\" class=\"attachment-medium_large size-medium_large\" alt=\"\" srcset=\"https:\/\/antoniopapini.it\/wp-content\/uploads\/2022\/01\/Raggruppa-25-768x734.jpg 768w, https:\/\/antoniopapini.it\/wp-content\/uploads\/2022\/01\/Raggruppa-25-300x287.jpg 300w, https:\/\/antoniopapini.it\/wp-content\/uploads\/2022\/01\/Raggruppa-25-1024x979.jpg 1024w, https:\/\/antoniopapini.it\/wp-content\/uploads\/2022\/01\/Raggruppa-25-1536x1469.jpg 1536w, https:\/\/antoniopapini.it\/wp-content\/uploads\/2022\/01\/Raggruppa-25.jpg 1872w\" sizes=\"(max-width: 768px) 100vw, 768px\" \/>\t\t\t\t\t\t\t\t\t\t\t\t\t\t\t<\/div>\n\t\t\t\t<\/div>\n\t\t\t\t\t<\/div>\n\t\t<\/div>\n\t\t\t\t\t\t\t<\/div>\n\t\t<\/section>\n\t\t\t\t<section class=\"elementor-section elementor-top-section elementor-element elementor-element-870999c elementor-section-full_width elementor-section-height-default elementor-section-height-default\" data-id=\"870999c\" data-element_type=\"section\">\n\t\t\t\t\t\t<div class=\"elementor-container elementor-column-gap-no\">\n\t\t\t\t\t<div class=\"elementor-column elementor-col-50 elementor-top-column elementor-element elementor-element-f573500\" data-id=\"f573500\" data-element_type=\"column\" data-settings=\"{&quot;background_background&quot;:&quot;classic&quot;}\">\n\t\t\t<div class=\"elementor-widget-wrap elementor-element-populated\">\n\t\t\t\t\t\t\t\t<div class=\"elementor-element elementor-element-d63db14 elementor-widget elementor-widget-image\" data-id=\"d63db14\" data-element_type=\"widget\" data-widget_type=\"image.default\">\n\t\t\t\t<div class=\"elementor-widget-container\">\n\t\t\t\t\t\t\t\t\t\t\t\t\t\t\t<img decoding=\"async\" width=\"768\" height=\"769\" src=\"https:\/\/antoniopapini.it\/wp-content\/uploads\/2025\/08\/AZIENDA_2_DESK-768x769.jpg\" class=\"attachment-medium_large size-medium_large\" alt=\"\" srcset=\"https:\/\/antoniopapini.it\/wp-content\/uploads\/2025\/08\/AZIENDA_2_DESK-768x769.jpg 768w, https:\/\/antoniopapini.it\/wp-content\/uploads\/2025\/08\/AZIENDA_2_DESK-300x300.jpg 300w, https:\/\/antoniopapini.it\/wp-content\/uploads\/2025\/08\/AZIENDA_2_DESK-1024x1024.jpg 1024w, https:\/\/antoniopapini.it\/wp-content\/uploads\/2025\/08\/AZIENDA_2_DESK-150x150.jpg 150w, https:\/\/antoniopapini.it\/wp-content\/uploads\/2025\/08\/AZIENDA_2_DESK-1534x1536.jpg 1534w, https:\/\/antoniopapini.it\/wp-content\/uploads\/2025\/08\/AZIENDA_2_DESK.jpg 1715w\" sizes=\"(max-width: 768px) 100vw, 768px\" \/>\t\t\t\t\t\t\t\t\t\t\t\t\t\t\t<\/div>\n\t\t\t\t<\/div>\n\t\t\t\t\t<\/div>\n\t\t<\/div>\n\t\t\t\t<div class=\"elementor-column elementor-col-50 elementor-top-column elementor-element elementor-element-1d89ee7\" data-id=\"1d89ee7\" data-element_type=\"column\">\n\t\t\t<div class=\"elementor-widget-wrap elementor-element-populated\">\n\t\t\t\t\t\t\t\t<div class=\"elementor-element elementor-element-c697e21 elementor-widget elementor-widget-heading\" data-id=\"c697e21\" data-element_type=\"widget\" data-widget_type=\"heading.default\">\n\t\t\t\t<div class=\"elementor-widget-container\">\n\t\t\t<h2 class=\"elementor-heading-title elementor-size-default\">Misi\u00f3n<\/h2>\t\t<\/div>\n\t\t\t\t<\/div>\n\t\t\t\t<div class=\"elementor-element elementor-element-12a72d9 elementor-widget elementor-widget-text-editor\" data-id=\"12a72d9\" data-element_type=\"widget\" data-widget_type=\"text-editor.default\">\n\t\t\t\t<div class=\"elementor-widget-container\">\n\t\t\t\t\t\t\tArtesanos h\u00e1biles y meticulosos dedican experiencia y creatividad para valorizar con joyas el bien m\u00e1s preciado: la belleza de quien las llevar\u00e1 puestas. Las formas sencillas y refinadas encuentran en su propia esencia la elegancia de lo eterno, de manera que el lujo sea siempre una elecci\u00f3n sutil guiada por un gusto personal y aut\u00e9ntico. \n\nLas joyas Antonio Papini representan preciosos complementos para la vida cotidiana o para las ocasiones, valorizando siempre la expresi\u00f3n y el estilo. Esta es la herencia de una visi\u00f3n perseguida durante m\u00e1s de cuarenta a\u00f1os, que transmite su historia m\u00e1s sincera incluso en las m\u00e1s peque\u00f1as y originales imperfecciones del trabajo artesanal.\t\t\t\t\t\t<\/div>\n\t\t\t\t<\/div>\n\t\t\t\t\t<\/div>\n\t\t<\/div>\n\t\t\t\t\t\t\t<\/div>\n\t\t<\/section>\n\t\t\t\t<section class=\"elementor-section elementor-top-section elementor-element elementor-element-2693f43 elementor-section-full_width elementor-section-height-default elementor-section-height-default\" data-id=\"2693f43\" data-element_type=\"section\">\n\t\t\t\t\t\t<div class=\"elementor-container elementor-column-gap-extended\">\n\t\t\t\t\t<div class=\"elementor-column elementor-col-50 elementor-top-column elementor-element elementor-element-53cb7c0\" data-id=\"53cb7c0\" data-element_type=\"column\">\n\t\t\t<div class=\"elementor-widget-wrap elementor-element-populated\">\n\t\t\t\t\t\t\t\t<section class=\"elementor-section elementor-inner-section elementor-element elementor-element-239afd6 elementor-section-boxed elementor-section-height-default elementor-section-height-default\" data-id=\"239afd6\" data-element_type=\"section\" data-settings=\"{&quot;background_background&quot;:&quot;classic&quot;}\">\n\t\t\t\t\t\t<div class=\"elementor-container elementor-column-gap-no\">\n\t\t\t\t\t<div class=\"elementor-column elementor-col-33 elementor-inner-column elementor-element elementor-element-220f350 elementor-hidden-tablet elementor-hidden-mobile\" data-id=\"220f350\" data-element_type=\"column\">\n\t\t\t<div class=\"elementor-widget-wrap elementor-element-populated\">\n\t\t\t\t\t\t\t\t<div class=\"elementor-element elementor-element-c22cb7c elementor-widget elementor-widget-image\" data-id=\"c22cb7c\" data-element_type=\"widget\" data-widget_type=\"image.default\">\n\t\t\t\t<div class=\"elementor-widget-container\">\n\t\t\t\t\t\t\t\t\t\t\t\t\t\t\t<img decoding=\"async\" width=\"315\" height=\"1024\" src=\"https:\/\/antoniopapini.it\/wp-content\/uploads\/2025\/08\/1-315x1024.jpg\" class=\"attachment-large size-large\" alt=\"\" srcset=\"https:\/\/antoniopapini.it\/wp-content\/uploads\/2025\/08\/1-315x1024.jpg 315w, https:\/\/antoniopapini.it\/wp-content\/uploads\/2025\/08\/1-92x300.jpg 92w, https:\/\/antoniopapini.it\/wp-content\/uploads\/2025\/08\/1.jpg 461w\" sizes=\"(max-width: 315px) 100vw, 315px\" \/>\t\t\t\t\t\t\t\t\t\t\t\t\t\t\t<\/div>\n\t\t\t\t<\/div>\n\t\t\t\t\t<\/div>\n\t\t<\/div>\n\t\t\t\t<div class=\"elementor-column elementor-col-66 elementor-inner-column elementor-element elementor-element-8e8bf98\" data-id=\"8e8bf98\" data-element_type=\"column\" data-settings=\"{&quot;background_background&quot;:&quot;classic&quot;}\">\n\t\t\t<div class=\"elementor-widget-wrap elementor-element-populated\">\n\t\t\t\t\t\t\t\t<div class=\"elementor-element elementor-element-278b8bc elementor-widget elementor-widget-image\" data-id=\"278b8bc\" data-element_type=\"widget\" data-widget_type=\"image.default\">\n\t\t\t\t<div class=\"elementor-widget-container\">\n\t\t\t\t\t\t\t\t\t\t\t\t\t\t\t<img decoding=\"async\" width=\"546\" height=\"147\" src=\"https:\/\/antoniopapini.it\/wp-content\/uploads\/2022\/01\/Antonio-Papini-Gioielli-220x59.png\" class=\"attachment-medium_large size-medium_large\" alt=\"\" srcset=\"https:\/\/antoniopapini.it\/wp-content\/uploads\/2022\/01\/Antonio-Papini-Gioielli.png 546w, https:\/\/antoniopapini.it\/wp-content\/uploads\/2022\/01\/Antonio-Papini-Gioielli-300x81.png 300w, https:\/\/antoniopapini.it\/wp-content\/uploads\/2022\/01\/Antonio-Papini-Gioielli-220x59.png 220w\" sizes=\"(max-width: 546px) 100vw, 546px\" \/>\t\t\t\t\t\t\t\t\t\t\t\t\t\t\t<\/div>\n\t\t\t\t<\/div>\n\t\t\t\t<div class=\"elementor-element elementor-element-5c2c76b elementor-widget elementor-widget-image\" data-id=\"5c2c76b\" data-element_type=\"widget\" data-widget_type=\"image.default\">\n\t\t\t\t<div class=\"elementor-widget-container\">\n\t\t\t\t\t\t\t\t\t\t\t\t\t\t\t<img decoding=\"async\" width=\"1024\" height=\"1024\" src=\"https:\/\/antoniopapini.it\/wp-content\/uploads\/2022\/02\/PAPINI_HOME-1024x1024.png\" class=\"attachment-large size-large\" alt=\"\" srcset=\"https:\/\/antoniopapini.it\/wp-content\/uploads\/2022\/02\/PAPINI_HOME-1024x1024.png 1024w, https:\/\/antoniopapini.it\/wp-content\/uploads\/2022\/02\/PAPINI_HOME-300x300.png 300w, https:\/\/antoniopapini.it\/wp-content\/uploads\/2022\/02\/PAPINI_HOME-150x150.png 150w, https:\/\/antoniopapini.it\/wp-content\/uploads\/2022\/02\/PAPINI_HOME-768x768.png 768w, https:\/\/antoniopapini.it\/wp-content\/uploads\/2022\/02\/PAPINI_HOME.png 1500w\" sizes=\"(max-width: 1024px) 100vw, 1024px\" \/>\t\t\t\t\t\t\t\t\t\t\t\t\t\t\t<\/div>\n\t\t\t\t<\/div>\n\t\t\t\t<div class=\"elementor-element elementor-element-7283a57 elementor-align-center elementor-widget elementor-widget-button\" data-id=\"7283a57\" data-element_type=\"widget\" data-widget_type=\"button.default\">\n\t\t\t\t<div class=\"elementor-widget-container\">\n\t\t\t\t\t<div class=\"elementor-button-wrapper\">\n\t\t\t<a href=\"http:\/\/antoniopapini.it\/papini\/\" class=\"elementor-button-link elementor-button elementor-size-sm\" role=\"button\">\n\t\t\t\t\t\t<span class=\"elementor-button-content-wrapper\">\n\t\t\t\t\t\t<span class=\"elementor-button-text\">DESCUBRE M\u00c1S<\/span>\n\t\t<\/span>\n\t\t\t\t\t<\/a>\n\t\t<\/div>\n\t\t\t\t<\/div>\n\t\t\t\t<\/div>\n\t\t\t\t\t<\/div>\n\t\t<\/div>\n\t\t\t\t\t\t\t<\/div>\n\t\t<\/section>\n\t\t\t\t\t<\/div>\n\t\t<\/div>\n\t\t\t\t<div class=\"elementor-column elementor-col-50 elementor-top-column elementor-element elementor-element-94f83cb\" data-id=\"94f83cb\" data-element_type=\"column\">\n\t\t\t<div class=\"elementor-widget-wrap elementor-element-populated\">\n\t\t\t\t\t\t\t\t<section class=\"elementor-section elementor-inner-section elementor-element elementor-element-043e9e9 elementor-section-boxed elementor-section-height-default elementor-section-height-default\" data-id=\"043e9e9\" data-element_type=\"section\" data-settings=\"{&quot;background_background&quot;:&quot;classic&quot;}\">\n\t\t\t\t\t\t<div class=\"elementor-container elementor-column-gap-no\">\n\t\t\t\t\t<div class=\"elementor-column elementor-col-66 elementor-inner-column elementor-element elementor-element-a350913\" data-id=\"a350913\" data-element_type=\"column\" data-settings=\"{&quot;background_background&quot;:&quot;classic&quot;}\">\n\t\t\t<div class=\"elementor-widget-wrap elementor-element-populated\">\n\t\t\t\t\t\t\t\t<div class=\"elementor-element elementor-element-17cc395 elementor-widget elementor-widget-image\" data-id=\"17cc395\" data-element_type=\"widget\" data-widget_type=\"image.default\">\n\t\t\t\t<div class=\"elementor-widget-container\">\n\t\t\t\t\t\t\t\t\t\t\t\t\t\t\t<img decoding=\"async\" width=\"288\" height=\"53\" src=\"https:\/\/antoniopapini.it\/wp-content\/uploads\/2022\/01\/Raggruppa-42.png\" class=\"attachment-medium_large size-medium_large\" alt=\"\" \/>\t\t\t\t\t\t\t\t\t\t\t\t\t\t\t<\/div>\n\t\t\t\t<\/div>\n\t\t\t\t<div class=\"elementor-element elementor-element-b08b8e0 elementor-widget elementor-widget-image\" data-id=\"b08b8e0\" data-element_type=\"widget\" data-widget_type=\"image.default\">\n\t\t\t\t<div class=\"elementor-widget-container\">\n\t\t\t\t\t\t\t\t\t\t\t\t\t\t\t<img decoding=\"async\" width=\"1000\" height=\"1000\" src=\"https:\/\/antoniopapini.it\/wp-content\/uploads\/2022\/02\/R_OROMALIA_3.png\" class=\"attachment-large size-large\" alt=\"\" srcset=\"https:\/\/antoniopapini.it\/wp-content\/uploads\/2022\/02\/R_OROMALIA_3.png 1000w, https:\/\/antoniopapini.it\/wp-content\/uploads\/2022\/02\/R_OROMALIA_3-300x300.png 300w, https:\/\/antoniopapini.it\/wp-content\/uploads\/2022\/02\/R_OROMALIA_3-150x150.png 150w, https:\/\/antoniopapini.it\/wp-content\/uploads\/2022\/02\/R_OROMALIA_3-768x768.png 768w\" sizes=\"(max-width: 1000px) 100vw, 1000px\" \/>\t\t\t\t\t\t\t\t\t\t\t\t\t\t\t<\/div>\n\t\t\t\t<\/div>\n\t\t\t\t<div class=\"elementor-element elementor-element-2ec67b1 elementor-align-center elementor-widget elementor-widget-button\" data-id=\"2ec67b1\" data-element_type=\"widget\" data-widget_type=\"button.default\">\n\t\t\t\t<div class=\"elementor-widget-container\">\n\t\t\t\t\t<div class=\"elementor-button-wrapper\">\n\t\t\t<a href=\"http:\/\/antoniopapini.it\/oromalia\/\" class=\"elementor-button-link elementor-button elementor-size-sm\" role=\"button\">\n\t\t\t\t\t\t<span class=\"elementor-button-content-wrapper\">\n\t\t\t\t\t\t<span class=\"elementor-button-text\">DESCUBRE M\u00c1S<\/span>\n\t\t<\/span>\n\t\t\t\t\t<\/a>\n\t\t<\/div>\n\t\t\t\t<\/div>\n\t\t\t\t<\/div>\n\t\t\t\t\t<\/div>\n\t\t<\/div>\n\t\t\t\t<div class=\"elementor-column elementor-col-33 elementor-inner-column elementor-element elementor-element-23264ad elementor-hidden-mobile\" data-id=\"23264ad\" data-element_type=\"column\">\n\t\t\t<div class=\"elementor-widget-wrap elementor-element-populated\">\n\t\t\t\t\t\t\t\t<div class=\"elementor-element elementor-element-1e2c907 elementor-widget elementor-widget-image\" data-id=\"1e2c907\" data-element_type=\"widget\" data-widget_type=\"image.default\">\n\t\t\t\t<div class=\"elementor-widget-container\">\n\t\t\t\t\t\t\t\t\t\t\t\t\t\t\t<img decoding=\"async\" width=\"315\" height=\"1024\" src=\"https:\/\/antoniopapini.it\/wp-content\/uploads\/2025\/08\/2-315x1024.jpg\" class=\"attachment-large size-large\" alt=\"\" srcset=\"https:\/\/antoniopapini.it\/wp-content\/uploads\/2025\/08\/2-315x1024.jpg 315w, https:\/\/antoniopapini.it\/wp-content\/uploads\/2025\/08\/2-92x300.jpg 92w, https:\/\/antoniopapini.it\/wp-content\/uploads\/2025\/08\/2.jpg 461w\" sizes=\"(max-width: 315px) 100vw, 315px\" \/>\t\t\t\t\t\t\t\t\t\t\t\t\t\t\t<\/div>\n\t\t\t\t<\/div>\n\t\t\t\t\t<\/div>\n\t\t<\/div>\n\t\t\t\t\t\t\t<\/div>\n\t\t<\/section>\n\t\t\t\t\t<\/div>\n\t\t<\/div>\n\t\t\t\t\t\t\t<\/div>\n\t\t<\/section>\n\t\t\t\t<section class=\"elementor-section elementor-top-section elementor-element elementor-element-314edeb elementor-section-full_width elementor-section-height-default elementor-section-height-default\" data-id=\"314edeb\" data-element_type=\"section\">\n\t\t\t\t\t\t<div class=\"elementor-container elementor-column-gap-default\">\n\t\t\t\t\t<div class=\"elementor-column elementor-col-100 elementor-top-column elementor-element elementor-element-2fa8f26\" data-id=\"2fa8f26\" data-element_type=\"column\">\n\t\t\t<div class=\"elementor-widget-wrap elementor-element-populated\">\n\t\t\t\t\t\t\t\t<div class=\"elementor-element elementor-element-86ce445 elementor-widget elementor-widget-heading\" data-id=\"86ce445\" data-element_type=\"widget\" data-widget_type=\"heading.default\">\n\t\t\t\t<div class=\"elementor-widget-container\">\n\t\t\t<h3 class=\"elementor-heading-title elementor-size-default\">Nuestras ferias<\/h3>\t\t<\/div>\n\t\t\t\t<\/div>\n\t\t\t\t<section class=\"elementor-section elementor-inner-section elementor-element elementor-element-a3fc61e elementor-section-boxed elementor-section-height-default elementor-section-height-default\" data-id=\"a3fc61e\" data-element_type=\"section\" data-settings=\"{&quot;background_background&quot;:&quot;classic&quot;}\">\n\t\t\t\t\t\t<div class=\"elementor-container elementor-column-gap-wider\">\n\t\t\t\t\t<div class=\"elementor-column elementor-col-33 elementor-inner-column elementor-element elementor-element-76592b2\" data-id=\"76592b2\" data-element_type=\"column\">\n\t\t\t<div class=\"elementor-widget-wrap elementor-element-populated\">\n\t\t\t\t\t\t\t\t<div class=\"elementor-element elementor-element-d62a5bd elementor-widget elementor-widget-image\" data-id=\"d62a5bd\" data-element_type=\"widget\" data-widget_type=\"image.default\">\n\t\t\t\t<div class=\"elementor-widget-container\">\n\t\t\t\t\t\t\t\t\t\t\t\t\t\t\t\t<a href=\"http:\/\/antoniopapini.it\/fiere\/\">\n\t\t\t\t\t\t\t<img decoding=\"async\" width=\"300\" height=\"201\" src=\"https:\/\/antoniopapini.it\/wp-content\/uploads\/2022\/03\/logo_papini-02-300x201.png\" class=\"attachment-medium size-medium\" alt=\"\" srcset=\"https:\/\/antoniopapini.it\/wp-content\/uploads\/2022\/03\/logo_papini-02-300x201.png 300w, https:\/\/antoniopapini.it\/wp-content\/uploads\/2022\/03\/logo_papini-02-768x514.png 768w, https:\/\/antoniopapini.it\/wp-content\/uploads\/2022\/03\/logo_papini-02.png 896w\" sizes=\"(max-width: 300px) 100vw, 300px\" \/>\t\t\t\t\t\t\t\t<\/a>\n\t\t\t\t\t\t\t\t\t\t\t\t\t\t\t<\/div>\n\t\t\t\t<\/div>\n\t\t\t\t\t<\/div>\n\t\t<\/div>\n\t\t\t\t<div class=\"elementor-column elementor-col-33 elementor-inner-column elementor-element elementor-element-b2f21d0\" data-id=\"b2f21d0\" data-element_type=\"column\">\n\t\t\t<div class=\"elementor-widget-wrap elementor-element-populated\">\n\t\t\t\t\t\t\t\t<div class=\"elementor-element elementor-element-970cb9a elementor-widget elementor-widget-image\" data-id=\"970cb9a\" data-element_type=\"widget\" data-widget_type=\"image.default\">\n\t\t\t\t<div class=\"elementor-widget-container\">\n\t\t\t\t\t\t\t\t\t\t\t\t\t\t\t\t<a href=\"http:\/\/antoniopapini.it\/fiere\/\">\n\t\t\t\t\t\t\t<img decoding=\"async\" width=\"300\" height=\"201\" src=\"https:\/\/antoniopapini.it\/wp-content\/uploads\/2022\/03\/logo_papini-03-300x201-copia.png\" class=\"attachment-medium size-medium\" alt=\"\" \/>\t\t\t\t\t\t\t\t<\/a>\n\t\t\t\t\t\t\t\t\t\t\t\t\t\t\t<\/div>\n\t\t\t\t<\/div>\n\t\t\t\t\t<\/div>\n\t\t<\/div>\n\t\t\t\t<div class=\"elementor-column elementor-col-33 elementor-inner-column elementor-element elementor-element-89f691d\" data-id=\"89f691d\" data-element_type=\"column\">\n\t\t\t<div class=\"elementor-widget-wrap elementor-element-populated\">\n\t\t\t\t\t\t\t\t<div class=\"elementor-element elementor-element-197d4cd elementor-widget elementor-widget-image\" data-id=\"197d4cd\" data-element_type=\"widget\" data-widget_type=\"image.default\">\n\t\t\t\t<div class=\"elementor-widget-container\">\n\t\t\t\t\t\t\t\t\t\t\t\t\t\t\t\t<a href=\"http:\/\/antoniopapini.it\/fiere\/\">\n\t\t\t\t\t\t\t<img decoding=\"async\" width=\"300\" height=\"201\" src=\"https:\/\/antoniopapini.it\/wp-content\/uploads\/2022\/03\/logo_papini-01-300x201.png\" class=\"attachment-medium size-medium\" alt=\"\" srcset=\"https:\/\/antoniopapini.it\/wp-content\/uploads\/2022\/03\/logo_papini-01-300x201.png 300w, https:\/\/antoniopapini.it\/wp-content\/uploads\/2022\/03\/logo_papini-01-768x514.png 768w, https:\/\/antoniopapini.it\/wp-content\/uploads\/2022\/03\/logo_papini-01.png 896w\" sizes=\"(max-width: 300px) 100vw, 300px\" \/>\t\t\t\t\t\t\t\t<\/a>\n\t\t\t\t\t\t\t\t\t\t\t\t\t\t\t<\/div>\n\t\t\t\t<\/div>\n\t\t\t\t\t<\/div>\n\t\t<\/div>\n\t\t\t\t\t\t\t<\/div>\n\t\t<\/section>\n\t\t\t\t\t<\/div>\n\t\t<\/div>\n\t\t\t\t\t\t\t<\/div>\n\t\t<\/section>\n\t\t\t\t<section class=\"elementor-section elementor-top-section elementor-element elementor-element-485d162 elementor-section-height-min-height elementor-section-items-stretch elementor-section-boxed elementor-section-height-default\" data-id=\"485d162\" data-element_type=\"section\" data-settings=\"{&quot;background_background&quot;:&quot;classic&quot;}\">\n\t\t\t\t\t\t<div class=\"elementor-container elementor-column-gap-no\">\n\t\t\t\t\t<div class=\"elementor-column elementor-col-100 elementor-top-column elementor-element elementor-element-4941cea\" data-id=\"4941cea\" data-element_type=\"column\">\n\t\t\t<div class=\"elementor-widget-wrap\">\n\t\t\t\t\t\t\t\t\t<\/div>\n\t\t<\/div>\n\t\t\t\t\t\t\t<\/div>\n\t\t<\/section>\n\t\t\t\t\t\t\t<\/div>\n\t\t","protected":false},"excerpt":{"rendered":"<p>Tradici\u00f3n y Made in Italy Empresa Antonio Papini es una historia de inestimable tradici\u00f3n y profunda pasi\u00f3n por el mundo de la joyer\u00eda, que dura m\u00e1s de cuarenta a\u00f1os Desde 1974, en el coraz\u00f3n de la Toscana, el artesanado meticuloso y aut\u00e9ntico exalta el potencial de los materiales m\u00e1s preciosos, como el oro, los diamantes &hellip;<\/p>\n<p class=\"read-more\"> <a class=\"\" href=\"https:\/\/antoniopapini.it\/es\/empresa\/\"> <span class=\"screen-reader-text\">Empresa<\/span> Leer m\u00e1s &raquo;<\/a><\/p>\n","protected":false},"author":1,"featured_media":0,"parent":0,"menu_order":0,"comment_status":"closed","ping_status":"closed","template":"","meta":{"site-sidebar-layout":"no-sidebar","site-content-layout":"page-builder","ast-global-header-display":"","ast-main-header-display":"","ast-hfb-above-header-display":"","ast-hfb-below-header-display":"","ast-hfb-mobile-header-display":"","site-post-title":"disabled","ast-breadcrumbs-content":"","ast-featured-img":"disabled","footer-sml-layout":"","theme-transparent-header-meta":"","adv-header-id-meta":"","stick-header-meta":"","header-above-stick-meta":"","header-main-stick-meta":"","header-below-stick-meta":"","footnotes":""},"class_list":["post-843","page","type-page","status-publish","hentry"],"_links":{"self":[{"href":"https:\/\/antoniopapini.it\/es\/wp-json\/wp\/v2\/pages\/843","targetHints":{"allow":["GET"]}}],"collection":[{"href":"https:\/\/antoniopapini.it\/es\/wp-json\/wp\/v2\/pages"}],"about":[{"href":"https:\/\/antoniopapini.it\/es\/wp-json\/wp\/v2\/types\/page"}],"author":[{"embeddable":true,"href":"https:\/\/antoniopapini.it\/es\/wp-json\/wp\/v2\/users\/1"}],"replies":[{"embeddable":true,"href":"https:\/\/antoniopapini.it\/es\/wp-json\/wp\/v2\/comments?post=843"}],"version-history":[{"count":17,"href":"https:\/\/antoniopapini.it\/es\/wp-json\/wp\/v2\/pages\/843\/revisions"}],"predecessor-version":[{"id":1214,"href":"https:\/\/antoniopapini.it\/es\/wp-json\/wp\/v2\/pages\/843\/revisions\/1214"}],"wp:attachment":[{"href":"https:\/\/antoniopapini.it\/es\/wp-json\/wp\/v2\/media?parent=843"}],"curies":[{"name":"wp","href":"https:\/\/api.w.org\/{rel}","templated":true}]}}